{"id":2195,"date":"2021-03-05T10:29:03","date_gmt":"2021-03-05T10:29:03","guid":{"rendered":"http:\/\/mondocarpa.it\/web\/?page_id=2195"},"modified":"2021-03-10T11:54:50","modified_gmt":"2021-03-10T11:54:50","slug":"termini-e-condizioni","status":"publish","type":"page","link":"https:\/\/mondocarpa.it\/web\/termini-e-condizioni\/","title":{"rendered":"Termini e Condizioni"},"content":{"rendered":"\n  <div class=\"banner has-hover has-parallax\" id=\"banner-1280247217\">\n          <div class=\"banner-inner fill\">\n        <div class=\"banner-bg fill\" data-parallax=\"-2\" data-parallax-container=\".banner\" data-parallax-background>\n            <div class=\"bg fill bg-fill \"><\/div>\n                                    \n                    <\/div>\n        <div class=\"banner-layers container\">\n            <div class=\"fill banner-link\"><\/div>            \n   <div id=\"text-box-204084609\" class=\"text-box banner-layer x50 md-x50 lg-x50 y50 md-y50 lg-y50 res-text\">\n              <div data-parallax=\"-2\" data-parallax-fade=\"true\">                  <div class=\"text dark\">\n              \n              <div class=\"text-inner text-center\">\n                  \n<h1>Termini e Condizioni<\/h1>\n              <\/div>\n           <\/div>\n              <\/div>              \n<style>\n#text-box-204084609 {\n  width: 60%;\n}\n#text-box-204084609 .text {\n  font-size: 100%;\n}\n<\/style>\n    <\/div>\n \n        <\/div>\n      <\/div>\n\n            \n<style>\n#banner-1280247217 {\n  padding-top: 300px;\n}\n#banner-1280247217 .bg.bg-loaded {\n  background-image: 89;\n}\n<\/style>\n  <\/div>\n\n\n<div class=\"row\"  id=\"row-1139807792\">\n\n\t<div id=\"col-1020107859\" class=\"col large-12\"  >\n\t\t<div class=\"col-inner\"  >\n\t\t\t\n\t\t\t\n<p>Le seguenti condizioni generali di vendita di Mondo Carpa, P.IVA n\u00b0 02696540695 sito Internet mondocarpa.it, sottoposte all\u2019acquirente prima di effettuare l\u2019acquisto e dall\u2019acquirente integralmente ed espressamente accettate sono le condizioni che regolano la vendita formando parte integrante e sostanziale della proposta, dell\u2019 ordine e della conferma d\u2019ordine . Le condizioni di vendita applicabili sono quelle in vigore alla data dell\u2019ordine anche se successivamente variate.<\/p>\n<p><em><strong>ORDINE<\/strong><\/em><br \/>\nIl ricevimento da parte di Mondo Carpa del modulo d\u2019ordine compilato, assieme al pagamento nelle forme previste, costituisce proposta d\u2019acquisto irrevocabile per l\u2019acquirente. L\u2019acquirente subito dopo aver effettuato l\u2019ordine ricever\u00e0 via e-mail una conferma d\u2019ordine riportante l\u2019elenco dei prodotti ordinati, il loro prezzo Iva inclusa e la forma di pagamento scelta. La vendita dei materiali \u00e8 regolata unicamente dalle presenti condizioni generali di vendita. Qualsiasi patto aggiuntivo, integrativo, modificativo deve essere sottoposto in forma integrale a Mondo Carpa contemporaneamente all\u2019ordine. Tali patti vincolano Mondo Carpa solo in caso di loro accettazione per iscritto. I prodotti non vengono forniti in prova e l\u2019acquirente li accetta senza riserve in considerazione della rispondenza e conformit\u00e0 delle specifiche indicate dal fabbricante del prodotto.<\/p>\n<p><em><strong>PRODOTTI, PREZZI<\/strong><\/em><br \/>\nLe caratteristiche funzionali e tecniche relative ai prodotti e indicate da Mondo Carpa attraverso il proprio sito o con altro materiale pubblicitario sono quelle dichiarate dai rispettivi produttori. Mondo Carpa non assume alcuna responsabilit\u00e0 riguardo la veridicit\u00e0 e completezza di tali informazioni. Le immagini dei prodotti sono indicative e non vincolanti. La veste grafica dei prodotti consegnati potrebbe non coincidere con quella rappresentata sul Sito nel caso in cui il produttore abbia modificato la confezione e quindi per motivi indipendenti dalla volont\u00e0 di Mondo Carpa. Le caratteristiche essenziali dei prodotti sono presentate su sito all\u2019interno di ciascuna scheda prodotto. I colori dei prodotti offerti in vendita su sito potrebbero tuttavia non essere corrispondenti a quelli reali per effetto del browser Internet e del monitor utilizzato. I prezzi dei prodotti sono quelli in vigore il giorno dell\u2019acquisto e riconfermati da Mondo Carpa a mezzo conferma d\u2019ordine. In caso di errori di catalogo, nei prezzi esposti o di esaurimento di uno o pi\u00f9 articoli, Mondo Carpa si riserva la facolt\u00e0 di non eseguire la consegna provvedendo per\u00f2 ad avvertire il cliente.<\/p>\n<p><em><strong>TERMINI Dl CONSEGNA E APPRONTAMENTO MERCI<\/strong><\/em><br \/>\nI tempi di consegna in Italia possono variare tra 2 e 8 giorni lavorativi in funzione della disponibilit\u00e0 dei prodotti presso il nostro punto vendita. Se i tempi di consegna dovessero essere pi\u00f9 lunghi, Mondo Carpa invier\u00e0 una comunicazione in merito (scritta e\/o telefonica) e l\u2019acquirente avr\u00e0 la facolt\u00e0 di decidere se attendere i prodotti per i tempi preventivati o annullare la parte dell\u2019ordine non disponibile. Mondo Carpa non \u00e8 responsabile per ritardi di qualsiasi prodotto causati da terzi (produttori, trasportatori) o da condizioni che siano estranee al nostro diretto controllo. Se per un qualsiasi motivo Mondo Carpa non fosse in grado di fornire i materiali ordinati dall\u2019acquirente, Mondo Carpa avr\u00e0 l\u2019unico obbligo di restituire all\u2019acquirente gli importi gi\u00e0 pagati senza che l\u2019acquirente possa chiedere ulteriori rimborsi, indennizzi o risarcimenti di qualsiasi tipo. La limitazione o la sospensione della produzione di alcuni articoli per causa di forza maggiore o comunque indipendenti dalla volont\u00e0 di Mondo Carpa interrompono per tutto il loro perdurare il conteggio del termine di consegna convenuto, senza legittimare, da parte dell\u2019acquirente il diritto di ridurre o annullare l\u2019ordinazione e\/o qualsiasi altra pretesa risarcitoria.<\/p>\n<p><em><strong>MANCATO RITIRO MERCE<\/strong><\/em><br \/>\nIn caso di mancata accettazione per qualsiasi motivo della merce spedita, tutte le spese di trasporto a destino e ritorno, sono a completo carico dell\u2019acquirente come ogni altra spesa per carico\/ scarico di quanto spedito e respinto.<br \/>\nNel caso di giacenza per mancato recapito dell\u2019ordine (a causa di irreperibilit\u00e0 del destinatario) o per indirizzo fornito errato o incompleto, le spese per sblocco giacenza e riconsegna verranno addebitate al cliente (pari ad euro 10,00 se non diversamente indicato). In caso contrario il pacco ritorner\u00e0 al mittente.<\/p>\n<p><em><strong>FATTURE<\/strong><\/em><br \/>\nLa richiesta della fattura deve essere effettuata contestualmente alla conferma dell\u2019ordine, indicando la P.Iva e Codice Fiscale (se ditta individuale) nell\u2019apposito campo. La fattura verr\u00e0 inviata unitamente alla merce, all\u2019interno del pacco.<\/p>\n<p><em><strong>POLITICA DEI RESI<\/strong><\/em><br \/>\nAi sensi dell\u2019art. 64 e seguenti del D. Lgs. 206\/2005 (Codice del Consumo) e successive modifiche (d.Lgs.21\/2014), se il Cliente \u00e8 un consumatore privato (ossia una persona fisica che acquista la merce per scopi non riferibili alla propria attivit\u00e0 professionale, ovvero non effettua l\u2019acquisto indicando nel modulo d\u2019ordine un riferimento di Partita IVA) ha diritto di recedere dal contratto di acquisto entro 14 giorni dalla data di ricevimento della merce, a mezzo lettera raccomandata A\/R o posta PEC.<br \/>\nLa comunicazione di recesso pu\u00f2 essere anticipata entro lo stesso termine anche mediante telegramma, telex, posta elettronica e fax, a condizione che sia confermata mediante lettera raccomandata con avviso di ricevimento entro le 48 ore successive.<\/p>\n<p>La comunicazione dovr\u00e0 essere spedita tramite raccomandata a:<br \/>\nMondo Carpa &#8211; via Rocco Carabba 3 &#8211; 66034 LANCIANO (CH)<br \/>\noppure tramite PEC: nicolino.cicolini@legalmail.it<\/p>\n<p>e dovr\u00e0 indicare:<\/p>\n<p>1) la volont\u00e0 espressa di avvalersi del diritto di recesso;<\/p>\n<p>2) gli estremi dell\u2019Ordine che ha dato luogo al Contratto di Compravendita dal quale intendono recedere;<\/p>\n<p>3) codice IBAN (per eventuale accredito)<\/p>\n<p>In caso di esercizio del diritto di recesso:<\/p>\n<p>il Cliente si impegna a restituire i Prodotti entro 14 giorni lavorativi dalla data di inoltro della raccomandata di cui sopra;<br \/>\ntutti i costi connessi alla restituzione dei Prodotti sono interamente a carico del Cliente;<\/p>\n<p>il Venditore si impegna a rimborsare il prezzo nel minor tempo possibile, e comunque entro 14 giorni dalla data di ricevimento della merce se verr\u00e0 restituita alle seguenti condizioni:<br \/>\n\u2013 il bene acquistato non deve essere in alcun modo danneggiato;<br \/>\n\u2013 il bene deve essere reso completo di confezione ed etichette;<br \/>\n\u2013 l\u2019 imballo scelto deve contenere il bene nella propria confezione originale;<br \/>\n\u2013 i prodotti non siano stati utilizzati<\/p>\n<p>Il rimborso avverr\u00e0 esclusivamente a mezzo bonifico\/paypal anche in caso di pagamento tramite contrassegno.<\/p>\n<p>&nbsp;<\/p>\n\t\t<\/div>\n\t\t\t<\/div>\n\n\t\n<\/div>\n","protected":false},"excerpt":{"rendered":"","protected":false},"author":1,"featured_media":0,"parent":0,"menu_order":7,"comment_status":"closed","ping_status":"closed","template":"page-blank.php","meta":[],"_links":{"self":[{"href":"https:\/\/mondocarpa.it\/web\/wp-json\/wp\/v2\/pages\/2195"}],"collection":[{"href":"https:\/\/mondocarpa.it\/web\/wp-json\/wp\/v2\/pages"}],"about":[{"href":"https:\/\/mondocarpa.it\/web\/wp-json\/wp\/v2\/types\/page"}],"author":[{"embeddable":true,"href":"https:\/\/mondocarpa.it\/web\/wp-json\/wp\/v2\/users\/1"}],"replies":[{"embeddable":true,"href":"https:\/\/mondocarpa.it\/web\/wp-json\/wp\/v2\/comments?post=2195"}],"version-history":[{"count":6,"href":"https:\/\/mondocarpa.it\/web\/wp-json\/wp\/v2\/pages\/2195\/revisions"}],"predecessor-version":[{"id":2233,"href":"https:\/\/mondocarpa.it\/web\/wp-json\/wp\/v2\/pages\/2195\/revisions\/2233"}],"wp:attachment":[{"href":"https:\/\/mondocarpa.it\/web\/wp-json\/wp\/v2\/media?parent=2195"}],"curies":[{"name":"wp","href":"https:\/\/api.w.org\/{rel}","templated":true}]}}