{"id":2343,"date":"2021-03-22T21:11:59","date_gmt":"2021-03-22T21:11:59","guid":{"rendered":"http:\/\/mondocarpa.it\/web\/?post_type=product&#038;p=2343"},"modified":"2022-02-02T14:56:54","modified_gmt":"2022-02-02T14:56:54","slug":"birdfish","status":"publish","type":"product","link":"https:\/\/mondocarpa.it\/web\/product\/birdfish\/","title":{"rendered":"BIRDFISH"},"content":{"rendered":"<p>\u00c8 in assoluto il nostro mix pi\u00f9 venduto, Un giusto compromesso di farine, tra cui aringa 999, robin red hait&#8217;s e altro. Si pu\u00f2 utilizzare durante tutto l&#8217;anno e con qualsiasi essenza.<\/p>\n","protected":false},"excerpt":{"rendered":"<p>\u00c8 in assoluto il nostro mix pi\u00f9 venduto, Un giusto compromesso di farine, tra cui aringa 999, robin red hait&#8217;s e altro. Si pu\u00f2 utilizzare durante tutto l&#8217;anno e con qualsiasi essenza.<\/p>\n","protected":false},"featured_media":1070,"template":"","meta":[],"product_cat":[223],"product_tag":[159,112,111],"_links":{"self":[{"href":"https:\/\/mondocarpa.it\/web\/wp-json\/wp\/v2\/product\/2343"}],"collection":[{"href":"https:\/\/mondocarpa.it\/web\/wp-json\/wp\/v2\/product"}],"about":[{"href":"https:\/\/mondocarpa.it\/web\/wp-json\/wp\/v2\/types\/product"}],"version-history":[{"count":2,"href":"https:\/\/mondocarpa.it\/web\/wp-json\/wp\/v2\/product\/2343\/revisions"}],"predecessor-version":[{"id":3173,"href":"https:\/\/mondocarpa.it\/web\/wp-json\/wp\/v2\/product\/2343\/revisions\/3173"}],"wp:featuredmedia":[{"embeddable":true,"href":"https:\/\/mondocarpa.it\/web\/wp-json\/wp\/v2\/media\/1070"}],"wp:attachment":[{"href":"https:\/\/mondocarpa.it\/web\/wp-json\/wp\/v2\/media?parent=2343"}],"wp:term":[{"taxonomy":"product_cat","embeddable":true,"href":"https:\/\/mondocarpa.it\/web\/wp-json\/wp\/v2\/product_cat?post=2343"},{"taxonomy":"product_tag","embeddable":true,"href":"https:\/\/mondocarpa.it\/web\/wp-json\/wp\/v2\/product_tag?post=2343"}],"curies":[{"name":"wp","href":"https:\/\/api.w.org\/{rel}","templated":true}]}}